{"id":395,"date":"2020-10-30T22:28:58","date_gmt":"2020-10-30T22:28:58","guid":{"rendered":"https:\/\/santamariaaustralis.com\/wordpress\/?page_id=395"},"modified":"2025-03-22T19:33:56","modified_gmt":"2025-03-22T19:33:56","slug":"team","status":"publish","type":"page","link":"https:\/\/santamariaaustralis.com\/de\/team\/","title":{"rendered":"Mannschaft"},"content":{"rendered":"<div data-elementor-type=\"wp-post\" data-elementor-id=\"395\" class=\"elementor elementor-395\">\n\t\t\t\t\t\t<section class=\"elementor-section elementor-top-section elementor-element elementor-element-8d91f8c elementor-section-boxed elementor-section-height-default elementor-section-height-default wpr-particle-no wpr-jarallax-no wpr-parallax-no wpr-sticky-section-no\" data-id=\"8d91f8c\" data-element_type=\"section\" data-e-type=\"section\">\n\t\t\t\t\t\t<div class=\"elementor-container elementor-column-gap-default\">\n\t\t\t\t\t<div class=\"elementor-column elementor-col-100 elementor-top-column elementor-element elementor-element-f470242\" data-id=\"f470242\" data-element_type=\"column\" data-e-type=\"column\">\n\t\t\t<div class=\"elementor-widget-wrap elementor-element-populated\">\n\t\t\t\t\t\t<div class=\"elementor-element elementor-element-10b39b2 elementor-widget__width-initial elementor-widget elementor-widget-heading\" data-id=\"10b39b2\" data-element_type=\"widget\" data-e-type=\"widget\" data-widget_type=\"heading.default\">\n\t\t\t\t<div class=\"elementor-widget-container\">\n\t\t\t\t\t<h2 class=\"elementor-heading-title elementor-size-default\">TEAM<\/h2>\t\t\t\t<\/div>\n\t\t\t\t<\/div>\n\t\t\t\t<div class=\"elementor-element elementor-element-eb9f409 elementor-widget elementor-widget-heading\" data-id=\"eb9f409\" data-element_type=\"widget\" data-e-type=\"widget\" data-widget_type=\"heading.default\">\n\t\t\t\t<div class=\"elementor-widget-container\">\n\t\t\t\t\t<span class=\"elementor-heading-title elementor-size-default\">DAS TEAM - vereint durch die Sehnsucht nach dem weiten, endlosen Meer und unber\u00fchrter Natur.<\/span>\t\t\t\t<\/div>\n\t\t\t\t<\/div>\n\t\t\t\t<div class=\"elementor-element elementor-element-74ce98f elementor-widget elementor-widget-text-editor\" data-id=\"74ce98f\" data-element_type=\"widget\" data-e-type=\"widget\" data-widget_type=\"text-editor.default\">\n\t\t\t\t<div class=\"elementor-widget-container\">\n\t\t\t\t\t\t\t\t\t<p>Saint-Exup\u00e9ry schrieb einst: \u201eWenn Du ein Schiff bauen willst, dann rufe nicht die Menschen zusammen, um Holz zu sammeln, Aufgaben zu verteilen und die Arbeit einzuteilen, sondern lehre sie die Sehnsucht nach dem gro\u00dfen, weiten Meer.\u201c<\/p><p>Das gilt f\u00fcr diejenigen, die ein Schiff durch Wind und Wellen jeden Ozeans segeln, ebenso wie f\u00fcr das Team, das von Land aus alles organisiert: die Werft, Termine, Ersatzteile, Routenplanung, Mitsegler, Ank\u00fcnfte, Abfahrten, Proviant, Wetter und vieles mehr.<\/p><p>Expedition style sailing and vessel maintenance in remote areas is not easy work but is a craft fueled with passion and usually a great longing for freedom and nature.<\/p><p>Jeannete and Wolf have succeeded to put together a team that not only shares \u201cthe longing for the vast, endless sea\u201d, but also for the surrounding, diverse nature. They convey their amazing life experiences vividly and empathetically.<\/p>\t\t\t\t\t\t\t\t<\/div>\n\t\t\t\t<\/div>\n\t\t\t\t\t<\/div>\n\t\t<\/div>\n\t\t\t\t\t<\/div>\n\t\t<\/section>\n\t\t\t\t<section class=\"elementor-section elementor-inner-section elementor-element elementor-element-5a74f89e elementor-section-content-middle elementor-section-boxed elementor-section-height-default elementor-section-height-default wpr-particle-no wpr-jarallax-no wpr-parallax-no wpr-sticky-section-no\" data-id=\"5a74f89e\" data-element_type=\"section\" data-e-type=\"section\">\n\t\t\t\t\t\t<div class=\"elementor-container elementor-column-gap-default\">\n\t\t\t\t\t<div class=\"elementor-column elementor-col-50 elementor-inner-column elementor-element elementor-element-7b09755c\" data-id=\"7b09755c\" data-element_type=\"column\" data-e-type=\"column\" data-settings=\"{&quot;background_background&quot;:&quot;classic&quot;}\">\n\t\t\t<div class=\"elementor-widget-wrap elementor-element-populated\">\n\t\t\t\t\t\t<div class=\"elementor-element elementor-element-4c036745 elementor-widget elementor-widget-heading\" data-id=\"4c036745\" data-element_type=\"widget\" data-e-type=\"widget\" data-widget_type=\"heading.default\">\n\t\t\t\t<div class=\"elementor-widget-container\">\n\t\t\t\t\t<h2 class=\"elementor-heading-title elementor-size-default\">WOLF KLOSS<\/h2>\t\t\t\t<\/div>\n\t\t\t\t<\/div>\n\t\t\t\t<div class=\"elementor-element elementor-element-46291cf0 elementor-widget elementor-widget-heading\" data-id=\"46291cf0\" data-element_type=\"widget\" data-e-type=\"widget\" data-widget_type=\"heading.default\">\n\t\t\t\t<div class=\"elementor-widget-container\">\n\t\t\t\t\t<span class=\"elementor-heading-title elementor-size-default\">Skipper<\/span>\t\t\t\t<\/div>\n\t\t\t\t<\/div>\n\t\t\t\t<div class=\"elementor-element elementor-element-7c5cf5ee elementor-widget elementor-widget-text-editor\" data-id=\"7c5cf5ee\" data-element_type=\"widget\" data-e-type=\"widget\" data-widget_type=\"text-editor.default\">\n\t\t\t\t<div class=\"elementor-widget-container\">\n\t\t\t\t\t\t\t\t\t<p>Jahrgang 1957, Segler, Bergsteiger, Kletterer und Allround-Abenteurer.<\/p><p>Ferne L\u00e4nder und Kulturen kennenzulernen ist seine Motivation, ein Schiff ist ein ideales Medium. Man hat alles, was man braucht, an nur einem Ort.<\/p><p>Im Jahr 1985 kaufte er das 14-Meter-Stahlschiff SANTA MARIA. Mit ihr segelte er im Mittelmeer und dann \u00fcber den Atlantik bis in der Karibik, immer der Sonne nach.<\/p><p>Ende der 80er Jahre wurde Wolf ein wenig unruhig. Dabei war ihm klar, dass weit im S\u00fcden neue Herausforderungen auf ihn warteten: Kap Hoorn und die Antarktis, ein gro\u00dfer und leerer Abenteuerspielplatz aus Eis und Stein. Es war eine unermessliche Einladung zum Entdecken, Erforschen und Erobern. Hier findet er seine Welt.<\/p><p>Im Jahr 1991 kam die geb\u00fcrtige Venezolanerin Jeannete an Bord.<\/p><p>Gemeinsam begannen sie im Jahr 1995 ihre Pionierarbeit und entdeckten die abenteuerlichen Gew\u00e4sser und Berge Feuerlands in der N\u00e4he von Kap Hoorn und der Antarktis.<\/p><p>Im Jahr 2011 schaffte es Wolf auf der Santa Maria Australis, den amerikanischen Kontinent komplett zu umrunden. Innerhalb eines Jahres umrundete er Kap Hoorn und durchsegelte die ber\u00fcchtigte Nordwestpassage. Eine Tat die zuvor niemand gelungen war.<\/p><p>Noch heute ist Wolf Kloss als Skipper auf der SANTA MARIA und der SANTA MARIA AUSTRALIS auf den Weltmeeren unterwegs.<\/p>\t\t\t\t\t\t\t\t<\/div>\n\t\t\t\t<\/div>\n\t\t\t\t\t<\/div>\n\t\t<\/div>\n\t\t\t\t<div class=\"elementor-column elementor-col-50 elementor-inner-column elementor-element elementor-element-1c2b3bea\" data-id=\"1c2b3bea\" data-element_type=\"column\" data-e-type=\"column\">\n\t\t\t<div class=\"elementor-widget-wrap elementor-element-populated\">\n\t\t\t\t\t\t<div class=\"elementor-element elementor-element-2224a5b1 elementor-widget elementor-widget-image\" data-id=\"2224a5b1\" data-element_type=\"widget\" data-e-type=\"widget\" data-widget_type=\"image.default\">\n\t\t\t\t<div class=\"elementor-widget-container\">\n\t\t\t\t\t\t\t\t\t\t\t\t\t\t\t<img decoding=\"async\" src=\"https:\/\/santamariaaustralis.com\/wp-content\/uploads\/elementor\/thumbs\/wolf-kloss-9-scaled-qeqykr6c4h83kw7ze95nt7sveh6oirr8myi2v003x4.jpg\" title=\"wolf kloss 9\" alt=\"wolf kloss 9\" loading=\"lazy\" \/>\t\t\t\t\t\t\t\t\t\t\t\t\t\t\t<\/div>\n\t\t\t\t<\/div>\n\t\t\t\t\t<\/div>\n\t\t<\/div>\n\t\t\t\t\t<\/div>\n\t\t<\/section>\n\t\t\t\t<section class=\"elementor-section elementor-top-section elementor-element elementor-element-7b6e04e elementor-section-boxed elementor-section-height-default elementor-section-height-default wpr-particle-no wpr-jarallax-no wpr-parallax-no wpr-sticky-section-no\" data-id=\"7b6e04e\" data-element_type=\"section\" data-e-type=\"section\" data-settings=\"{&quot;background_background&quot;:&quot;classic&quot;}\">\n\t\t\t\t\t\t<div class=\"elementor-container elementor-column-gap-default\">\n\t\t\t\t\t<div class=\"elementor-column elementor-col-100 elementor-top-column elementor-element elementor-element-e1779e2\" data-id=\"e1779e2\" data-element_type=\"column\" data-e-type=\"column\">\n\t\t\t<div class=\"elementor-widget-wrap elementor-element-populated\">\n\t\t\t\t\t\t<section class=\"elementor-section elementor-inner-section elementor-element elementor-element-d92659a elementor-section-content-middle elementor-section-boxed elementor-section-height-default elementor-section-height-default wpr-particle-no wpr-jarallax-no wpr-parallax-no wpr-sticky-section-no\" data-id=\"d92659a\" data-element_type=\"section\" data-e-type=\"section\">\n\t\t\t\t\t\t<div class=\"elementor-container elementor-column-gap-default\">\n\t\t\t\t\t<div class=\"elementor-column elementor-col-50 elementor-inner-column elementor-element elementor-element-4ee1e27\" data-id=\"4ee1e27\" data-element_type=\"column\" data-e-type=\"column\">\n\t\t\t<div class=\"elementor-widget-wrap elementor-element-populated\">\n\t\t\t\t\t\t<div class=\"elementor-element elementor-element-c5c96ae elementor-widget elementor-widget-image\" data-id=\"c5c96ae\" data-element_type=\"widget\" data-e-type=\"widget\" data-widget_type=\"image.default\">\n\t\t\t\t<div class=\"elementor-widget-container\">\n\t\t\t\t\t\t\t\t\t\t\t\t\t\t\t<img decoding=\"async\" src=\"https:\/\/santamariaaustralis.com\/wp-content\/uploads\/elementor\/thumbs\/jw6-qeqyks46bb9dwi6m8rkadpkbzv21qguyz35kc9ypqw.jpg\" title=\"jw6\" alt=\"jw6\" loading=\"lazy\" \/>\t\t\t\t\t\t\t\t\t\t\t\t\t\t\t<\/div>\n\t\t\t\t<\/div>\n\t\t\t\t\t<\/div>\n\t\t<\/div>\n\t\t\t\t<div class=\"elementor-column elementor-col-50 elementor-inner-column elementor-element elementor-element-a5775a1\" data-id=\"a5775a1\" data-element_type=\"column\" data-e-type=\"column\" data-settings=\"{&quot;background_background&quot;:&quot;classic&quot;}\">\n\t\t\t<div class=\"elementor-widget-wrap elementor-element-populated\">\n\t\t\t\t\t\t<div class=\"elementor-element elementor-element-b87fce2 elementor-widget elementor-widget-heading\" data-id=\"b87fce2\" data-element_type=\"widget\" data-e-type=\"widget\" data-widget_type=\"heading.default\">\n\t\t\t\t<div class=\"elementor-widget-container\">\n\t\t\t\t\t<h2 class=\"elementor-heading-title elementor-size-default\">Jeannete Talavera<\/h2>\t\t\t\t<\/div>\n\t\t\t\t<\/div>\n\t\t\t\t<div class=\"elementor-element elementor-element-1b6c217 elementor-widget elementor-widget-heading\" data-id=\"1b6c217\" data-element_type=\"widget\" data-e-type=\"widget\" data-widget_type=\"heading.default\">\n\t\t\t\t<div class=\"elementor-widget-container\">\n\t\t\t\t\t<span class=\"elementor-heading-title elementor-size-default\">All-round Crew<\/span>\t\t\t\t<\/div>\n\t\t\t\t<\/div>\n\t\t\t\t<div class=\"elementor-element elementor-element-7eb7e6e elementor-widget elementor-widget-text-editor\" data-id=\"7eb7e6e\" data-element_type=\"widget\" data-e-type=\"widget\" data-widget_type=\"text-editor.default\">\n\t\t\t\t<div class=\"elementor-widget-container\">\n\t\t\t\t\t\t\t\t\t<p>Bereits in jungen Jahren fand Jeannete ihre Motivation und Lebensbejahung im Reisen.<\/p>\n<p>Im Jahr 1991 lernten sich Jeannete und der Segler Wolf Kloss in der Karibik kennen. Als Begleiterin, Organisatorin, Deckshand und K\u00f6chin blieb sie auf der 14-Meter-Yacht SANTA MARIA, und so begann ihre Segelgeschichte.<\/p>\n<p>Im Jahr 1995 zogen sie nach S\u00fcden ans \u201eEnde der Welt\u201c, wo sie ihr Zuhause fanden.<\/p>\n<p>Jeannete war die erste Venezolanerin der Welt, die in die Antarktis segelte.<\/p>\n<p>Nach all diesen beeindruckenden Erlebnissen verabschiedet sie sich von den Verlockungen der Zivilisation, so wie Wolf Jahre zuvor.<\/p>\n<p>Im selben Jahr gr\u00fcndeten sie die Firma SIM Expeditions und er\u00f6ffneten das Coir\u00f3n Hostel in Puerto Williams, Chile, welches noch heute naturverbundene G\u00e4ste empf\u00e4ngt.<\/p>\n<p>Jeannete k\u00fcmmert sich um die Planung bzw. Verwaltung und die t\u00e4glichen Angelegenheiten im Zusammenhang mit unseren Segelt\u00f6rns, der Firma SIM Expeditions und dem Coir\u00f3n Hostel. Sie betreut unsere Kunden seit 25 Jahren und hilft ihnen in allen Belangen. Jeannete spricht Spanisch, Deutsch und Englisch.<\/p>\n<p>Wenn sie nicht gerade im B\u00fcro sitzt, an einer Reise in die Antarktis teilnimmt oder als Mutter fungiert, findet man sie auf Reisen, beim Radfahren, Wandern, Yoga machen und mehr, um das Leben in vollen Z\u00fcgen zu genie\u00dfen.<\/p>\n<p>Jeannete und Wolf haben zwei gemeinsame Kinder, Tochter Karin und Sohn Daniel. Beide verbrachten ihre Kindheit und Jugend in Feuerland und an Bord. Zurzeit leben und arbeiten sie mit ihren Lebenspartnern in Wien.<\/p>\t\t\t\t\t\t\t\t<\/div>\n\t\t\t\t<\/div>\n\t\t\t\t\t<\/div>\n\t\t<\/div>\n\t\t\t\t\t<\/div>\n\t\t<\/section>\n\t\t\t\t\t<\/div>\n\t\t<\/div>\n\t\t\t\t\t<\/div>\n\t\t<\/section>\n\t\t\t\t<\/div>","protected":false},"excerpt":{"rendered":"<p>TEAM The team &#8211; they are united by a longing for the vast and endless sea Saint-Exup\u00e9ry once wrote: \u201cIf you want to build a ship, don&#8217;t drum up the men to gather wood, divide the work and give orders. Instead, teach them to yearn for the vast and endless sea\u201d. This applies to the ones who sail a ship through the winds and waves of every ocean, as well as to the team who organizes everything from land: the shipyard, appointments, spare parts, route planning, fellow sailors, arrivals, departures, provisions, weather and so much more. Expedition style sailing and vessel maintenance in remote areas is not easy work but is a craft fueled with passion and usually a great longing for freedom and nature. Jeannete and Wolf have succeeded to put together a team that not only shares \u201cthe longing for the vast, endless sea\u201d, but also for the surrounding, diverse nature. They convey their amazing life experiences vividly and empathetically. WOLF KLOSS Skipper Born in 1957, sailor, mountaineer, climber, and all-round adventurer. Getting to know distant countries and cultures is his motivation, a ship is an ideal medium. You have everything you need in just one place. In 1985 he bought the 14-meter steel ship SANTA MARIA, and with it he sailed the Mediterranean Sea then across the Atlantic to the Caribbean, always following the sun. At the end of the 80s, Wolf started to get a bit restless. But he knew that, far in the south, new challenges were awaiting. Cape Horn and the Antarctic, a large and empty adventure playground made from ice and rocks. It was an immeasurable invitation to discover, explore, and conquer. Here he finds his world. In 1991 the Venezuelan-born Jeannete came on board. Together in 1995, they began pioneering, discovering the adventurous waters and mountains of Tierra del Fuego around Cape Horn and the Antarctic. In 2011 Wolf managed to circumnavigate the American continent completely. Within a year he rounded Cape Horn and sailed the infamous Northwest Passage, something that nobody succeeded in doing before. Today, Wolf Kloss is still sailing the world\u2019s oceans as a skipper on both the SANTA MARIA AUSTRALIS and the SANTA MARIA. Jeannete Talavera All-round Crew Already at a young age, Jeannete found her motivation and life-affirmation in traveling. In 1991 Jeannete and sailor Wolf Kloss met in the Caribbean. As a companion, organizer, deckhand, and cook, she stayed on the 14-meter yacht SANTA MARIA, and that is how her sailing story begins. In 1995 they moved south to the \u201cEnd of the World\u201d, where they found their home. Jeannete was the first Venezuelan in the world to sail to Antarctica. After all these impressive experiences, she breaks free from the seductions of civilization, just as Wolf years before. In that same year, they founded the company SIM Expeditions and the Coir\u00f3n Hostel in Puerto Williams \u2013 Chile, which still receives nature-lover guests today. Jeannete takes care of the organization and daily affairs related to our sailing trips, the company SIM Expeditions, and the Coir\u00f3n Hostel. She has been looking after our customers for 25 years, helping them in any way they need. She speaks Spanish, German, and English. Unless she is in the office, taking part in a trip to Antarctica, or busy being a mom, you will find her traveling, cycling, hiking, doing yoga and more, enjoying life at its best. Jeannete and Wolf have two kids together, daughter Karin and son Daniel. Both spent their childhood and adolescence in Tierra del Fuego and sailing on board. They currently live and work in Vienna with their partners.<\/p>","protected":false},"author":1,"featured_media":0,"parent":0,"menu_order":0,"comment_status":"closed","ping_status":"closed","template":"page-templates\/template-pagebuilder-full-width.php","meta":{"neve_meta_sidebar":"","neve_meta_container":"","neve_meta_enable_content_width":"","neve_meta_content_width":70,"neve_meta_title_alignment":"","neve_meta_author_avatar":"","neve_post_elements_order":"","neve_meta_disable_header":"","neve_meta_disable_footer":"","neve_meta_disable_title":"","_themeisle_gutenberg_block_has_review":false,"footnotes":""},"class_list":["post-395","page","type-page","status-publish","hentry"],"_links":{"self":[{"href":"https:\/\/santamariaaustralis.com\/de\/wp-json\/wp\/v2\/pages\/395","targetHints":{"allow":["GET"]}}],"collection":[{"href":"https:\/\/santamariaaustralis.com\/de\/wp-json\/wp\/v2\/pages"}],"about":[{"href":"https:\/\/santamariaaustralis.com\/de\/wp-json\/wp\/v2\/types\/page"}],"author":[{"embeddable":true,"href":"https:\/\/santamariaaustralis.com\/de\/wp-json\/wp\/v2\/users\/1"}],"replies":[{"embeddable":true,"href":"https:\/\/santamariaaustralis.com\/de\/wp-json\/wp\/v2\/comments?post=395"}],"version-history":[{"count":51,"href":"https:\/\/santamariaaustralis.com\/de\/wp-json\/wp\/v2\/pages\/395\/revisions"}],"predecessor-version":[{"id":6493,"href":"https:\/\/santamariaaustralis.com\/de\/wp-json\/wp\/v2\/pages\/395\/revisions\/6493"}],"wp:attachment":[{"href":"https:\/\/santamariaaustralis.com\/de\/wp-json\/wp\/v2\/media?parent=395"}],"curies":[{"name":"wp","href":"https:\/\/api.w.org\/{rel}","templated":true}]}}