{"id":377,"date":"2020-10-30T19:38:03","date_gmt":"2020-10-30T19:38:03","guid":{"rendered":"https:\/\/santamariaaustralis.com\/wordpress\/?page_id=377"},"modified":"2025-04-11T20:25:15","modified_gmt":"2025-04-11T20:25:15","slug":"sm","status":"publish","type":"page","link":"https:\/\/santamariaaustralis.com\/de\/sm\/","title":{"rendered":"SY SANTA MARIA"},"content":{"rendered":"<div data-elementor-type=\"wp-page\" data-elementor-id=\"377\" class=\"elementor elementor-377\">\n\t\t\t\t\t\t<section class=\"elementor-section elementor-top-section elementor-element elementor-element-1bfd1416 elementor-section-boxed elementor-section-height-default elementor-section-height-default wpr-particle-no wpr-jarallax-no wpr-parallax-no wpr-sticky-section-no\" data-id=\"1bfd1416\" data-element_type=\"section\" data-e-type=\"section\" data-settings=\"{&quot;background_background&quot;:&quot;classic&quot;}\">\n\t\t\t\t\t\t<div class=\"elementor-container elementor-column-gap-default\">\n\t\t\t\t\t<div class=\"elementor-column elementor-col-100 elementor-top-column elementor-element elementor-element-5c500440\" data-id=\"5c500440\" data-element_type=\"column\" data-e-type=\"column\">\n\t\t\t<div class=\"elementor-widget-wrap elementor-element-populated\">\n\t\t\t\t\t\t<section class=\"elementor-section elementor-inner-section elementor-element elementor-element-6f4e70cb elementor-section-content-middle elementor-section-boxed elementor-section-height-default elementor-section-height-default wpr-particle-no wpr-jarallax-no wpr-parallax-no wpr-sticky-section-no\" data-id=\"6f4e70cb\" data-element_type=\"section\" data-e-type=\"section\">\n\t\t\t\t\t\t<div class=\"elementor-container elementor-column-gap-default\">\n\t\t\t\t\t<div class=\"elementor-column elementor-col-50 elementor-inner-column elementor-element elementor-element-735fe602\" data-id=\"735fe602\" data-element_type=\"column\" data-e-type=\"column\" data-settings=\"{&quot;background_background&quot;:&quot;classic&quot;}\">\n\t\t\t<div class=\"elementor-widget-wrap elementor-element-populated\">\n\t\t\t\t\t\t<div class=\"elementor-element elementor-element-377a3c72 elementor-widget elementor-widget-heading\" data-id=\"377a3c72\" data-element_type=\"widget\" data-e-type=\"widget\" data-widget_type=\"heading.default\">\n\t\t\t\t<div class=\"elementor-widget-container\">\n\t\t\t\t\t<h2 class=\"elementor-heading-title elementor-size-default\">OVERVIEW, FLOOR PLAN &amp; TECHNICAL DATA\n<\/h2>\t\t\t\t<\/div>\n\t\t\t\t<\/div>\n\t\t\t\t<div class=\"elementor-element elementor-element-64186795 elementor-widget elementor-widget-heading\" data-id=\"64186795\" data-element_type=\"widget\" data-e-type=\"widget\" data-widget_type=\"heading.default\">\n\t\t\t\t<div class=\"elementor-widget-container\">\n\t\t\t\t\t<span class=\"elementor-heading-title elementor-size-default\">SY \u201eSANTA MARIA\u201c \u2013<\/span>\t\t\t\t<\/div>\n\t\t\t\t<\/div>\n\t\t\t\t<div class=\"elementor-element elementor-element-56482018 elementor-widget elementor-widget-text-editor\" data-id=\"56482018\" data-element_type=\"widget\" data-e-type=\"widget\" data-widget_type=\"text-editor.default\">\n\t\t\t\t<div class=\"elementor-widget-container\">\n\t\t\t\t\t\t\t\t\t<p>Die SANTA MARIA (47 Fu\u00df) ist die kleine Schwester der Santa Maria Australis.\nMit ihr verwirklichte Wolf Kloss 1985 seinen Traum vom Reisen und Segeln. Sie war eine gute Schule! Heute blicken beide zur\u00fcck auf unz\u00e4hlige gemeinsame Meilen auf den Weltmeeren.<\/p><p>Die SANTA MARIA ist ein Fahrtenschiff, gut ausgestattet und gepr\u00fcft f\u00fcr die h\u00e4rtesten Bedingungen. Robust, schn\u00f6rkellos und komfortabel bietet sie 7 Kojen in drei Kabinen. So manchem Abenteurer hat sie im Eis und am Berg ein vor\u00fcbergehendes Zuhause geboten.<\/p><p>1990 war SANTA MARIA nach der FREYDIS die erst zweite deutsche Yacht in der Antarktis. Sie ist ein Stahl-Veteran in einwandfreiem Zustand, dem man die Jahre und seine Historie anmerkt, jede Holzleiste erz\u00e4hlt ihre Geschichte.<\/p>\t\t\t\t\t\t\t\t<\/div>\n\t\t\t\t<\/div>\n\t\t\t\t<div class=\"elementor-element elementor-element-61a78e9e elementor-align-left elementor-widget elementor-widget-button\" data-id=\"61a78e9e\" data-element_type=\"widget\" data-e-type=\"widget\" data-widget_type=\"button.default\">\n\t\t\t\t<div class=\"elementor-widget-container\">\n\t\t\t\t\t\t\t\t\t<div class=\"elementor-button-wrapper\">\n\t\t\t\t\t<a class=\"elementor-button elementor-button-link elementor-size-lg\" href=\"\/wp-content\/uploads\/2021\/01\/SM_deutsch.pdf\">\n\t\t\t\t\t\t<span class=\"elementor-button-content-wrapper\">\n\t\t\t\t\t\t\t\t\t<span class=\"elementor-button-text\">Laden Sie die technischen Info<\/span>\n\t\t\t\t\t<\/span>\n\t\t\t\t\t<\/a>\n\t\t\t\t<\/div>\n\t\t\t\t\t\t\t\t<\/div>\n\t\t\t\t<\/div>\n\t\t\t\t\t<\/div>\n\t\t<\/div>\n\t\t\t\t<div class=\"elementor-column elementor-col-50 elementor-inner-column elementor-element elementor-element-622bfaa\" data-id=\"622bfaa\" data-element_type=\"column\" data-e-type=\"column\">\n\t\t\t<div class=\"elementor-widget-wrap elementor-element-populated\">\n\t\t\t\t\t\t<div class=\"elementor-element elementor-element-7d37214c elementor-widget elementor-widget-image\" data-id=\"7d37214c\" data-element_type=\"widget\" data-e-type=\"widget\" data-widget_type=\"image.default\">\n\t\t\t\t<div class=\"elementor-widget-container\">\n\t\t\t\t\t\t\t\t\t\t\t\t\t\t\t<img fetchpriority=\"high\" decoding=\"async\" width=\"397\" height=\"615\" src=\"https:\/\/santamariaaustralis.com\/wp-content\/uploads\/2020\/10\/SM.jpg\" class=\"attachment-large size-large wp-image-388\" alt=\"\" srcset=\"https:\/\/santamariaaustralis.com\/wp-content\/uploads\/2020\/10\/SM.jpg 397w, https:\/\/santamariaaustralis.com\/wp-content\/uploads\/2020\/10\/SM-194x300.jpg 194w\" sizes=\"(max-width: 397px) 100vw, 397px\" \/>\t\t\t\t\t\t\t\t\t\t\t\t\t\t\t<\/div>\n\t\t\t\t<\/div>\n\t\t\t\t\t<\/div>\n\t\t<\/div>\n\t\t\t\t\t<\/div>\n\t\t<\/section>\n\t\t\t\t\t<\/div>\n\t\t<\/div>\n\t\t\t\t\t<\/div>\n\t\t<\/section>\n\t\t\t\t<section class=\"elementor-section elementor-top-section elementor-element elementor-element-6ce308bf elementor-section-boxed elementor-section-height-default elementor-section-height-default wpr-particle-no wpr-jarallax-no wpr-parallax-no wpr-sticky-section-no\" data-id=\"6ce308bf\" data-element_type=\"section\" data-e-type=\"section\" data-settings=\"{&quot;background_background&quot;:&quot;classic&quot;}\">\n\t\t\t\t\t\t<div class=\"elementor-container elementor-column-gap-default\">\n\t\t\t\t\t<div class=\"elementor-column elementor-col-100 elementor-top-column elementor-element elementor-element-7b67fe01\" data-id=\"7b67fe01\" data-element_type=\"column\" data-e-type=\"column\">\n\t\t\t<div class=\"elementor-widget-wrap elementor-element-populated\">\n\t\t\t\t\t\t<div class=\"elementor-element elementor-element-d17206d gallery-spacing-custom elementor-widget elementor-widget-image-gallery\" data-id=\"d17206d\" data-element_type=\"widget\" data-e-type=\"widget\" data-widget_type=\"image-gallery.default\">\n\t\t\t\t<div class=\"elementor-widget-container\">\n\t\t\t\t\t\t\t<div class=\"elementor-image-gallery\">\n\t\t\t<div id='gallery-1' class='gallery galleryid-377 gallery-columns-3 gallery-size-medium_large'><figure class='gallery-item'>\n\t\t\t<div class='gallery-icon landscape'>\n\t\t\t\t<a data-elementor-open-lightbox=\"yes\" data-elementor-lightbox-slideshow=\"d17206d\" data-elementor-lightbox-title=\"102.sm from mast in ice\" data-e-action-hash=\"#elementor-action%3Aaction%3Dlightbox%26settings%3DeyJpZCI6Mzg2LCJ1cmwiOiJodHRwczpcL1wvc2FudGFtYXJpYWF1c3RyYWxpcy5jb21cL3dwLWNvbnRlbnRcL3VwbG9hZHNcLzIwMjBcLzEwXC8xMDIuc20tZnJvbS1tYXN0LWluLWljZS0xLXNjYWxlZC5qcGciLCJzbGlkZXNob3ciOiJkMTcyMDZkIn0%3D\" href='https:\/\/santamariaaustralis.com\/wp-content\/uploads\/2020\/10\/102.sm-from-mast-in-ice-1-scaled.jpg'><img decoding=\"async\" width=\"768\" height=\"584\" src=\"https:\/\/santamariaaustralis.com\/wp-content\/uploads\/2020\/10\/102.sm-from-mast-in-ice-1-768x584.jpg\" class=\"attachment-medium_large size-medium_large\" alt=\"\" srcset=\"https:\/\/santamariaaustralis.com\/wp-content\/uploads\/2020\/10\/102.sm-from-mast-in-ice-1-768x584.jpg 768w, https:\/\/santamariaaustralis.com\/wp-content\/uploads\/2020\/10\/102.sm-from-mast-in-ice-1-300x228.jpg 300w, https:\/\/santamariaaustralis.com\/wp-content\/uploads\/2020\/10\/102.sm-from-mast-in-ice-1-1024x778.jpg 1024w, https:\/\/santamariaaustralis.com\/wp-content\/uploads\/2020\/10\/102.sm-from-mast-in-ice-1-1536x1167.jpg 1536w, https:\/\/santamariaaustralis.com\/wp-content\/uploads\/2020\/10\/102.sm-from-mast-in-ice-1-2048x1556.jpg 2048w\" sizes=\"(max-width: 768px) 100vw, 768px\" \/><\/a>\n\t\t\t<\/div><\/figure><figure class='gallery-item'>\n\t\t\t<div class='gallery-icon landscape'>\n\t\t\t\t<a data-elementor-open-lightbox=\"yes\" data-elementor-lightbox-slideshow=\"d17206d\" data-elementor-lightbox-title=\"105.sm-saloon-table3\" data-e-action-hash=\"#elementor-action%3Aaction%3Dlightbox%26settings%3DeyJpZCI6MzgwLCJ1cmwiOiJodHRwczpcL1wvc2FudGFtYXJpYWF1c3RyYWxpcy5jb21cL3dwLWNvbnRlbnRcL3VwbG9hZHNcLzIwMjBcLzEwXC8xMDUuc20tc2Fsb29uLXRhYmxlMy5qcGciLCJzbGlkZXNob3ciOiJkMTcyMDZkIn0%3D\" href='https:\/\/santamariaaustralis.com\/wp-content\/uploads\/2020\/10\/105.sm-saloon-table3.jpg'><img decoding=\"async\" width=\"768\" height=\"521\" src=\"https:\/\/santamariaaustralis.com\/wp-content\/uploads\/2020\/10\/105.sm-saloon-table3-768x521.jpg\" class=\"attachment-medium_large size-medium_large\" alt=\"\" srcset=\"https:\/\/santamariaaustralis.com\/wp-content\/uploads\/2020\/10\/105.sm-saloon-table3-768x521.jpg 768w, https:\/\/santamariaaustralis.com\/wp-content\/uploads\/2020\/10\/105.sm-saloon-table3-300x203.jpg 300w, https:\/\/santamariaaustralis.com\/wp-content\/uploads\/2020\/10\/105.sm-saloon-table3-1024x695.jpg 1024w, https:\/\/santamariaaustralis.com\/wp-content\/uploads\/2020\/10\/105.sm-saloon-table3-1536x1042.jpg 1536w, https:\/\/santamariaaustralis.com\/wp-content\/uploads\/2020\/10\/105.sm-saloon-table3-2048x1389.jpg 2048w\" sizes=\"(max-width: 768px) 100vw, 768px\" \/><\/a>\n\t\t\t<\/div><\/figure><figure class='gallery-item'>\n\t\t\t<div class='gallery-icon landscape'>\n\t\t\t\t<a data-elementor-open-lightbox=\"yes\" data-elementor-lightbox-slideshow=\"d17206d\" data-elementor-lightbox-title=\"106.sm-galley\" data-e-action-hash=\"#elementor-action%3Aaction%3Dlightbox%26settings%3DeyJpZCI6MzgxLCJ1cmwiOiJodHRwczpcL1wvc2FudGFtYXJpYWF1c3RyYWxpcy5jb21cL3dwLWNvbnRlbnRcL3VwbG9hZHNcLzIwMjBcLzEwXC8xMDYuc20tZ2FsbGV5LmpwZyIsInNsaWRlc2hvdyI6ImQxNzIwNmQifQ%3D%3D\" href='https:\/\/santamariaaustralis.com\/wp-content\/uploads\/2020\/10\/106.sm-galley.jpg'><img loading=\"lazy\" decoding=\"async\" width=\"768\" height=\"513\" src=\"https:\/\/santamariaaustralis.com\/wp-content\/uploads\/2020\/10\/106.sm-galley-768x513.jpg\" class=\"attachment-medium_large size-medium_large\" alt=\"\" srcset=\"https:\/\/santamariaaustralis.com\/wp-content\/uploads\/2020\/10\/106.sm-galley-768x513.jpg 768w, https:\/\/santamariaaustralis.com\/wp-content\/uploads\/2020\/10\/106.sm-galley-300x200.jpg 300w, https:\/\/santamariaaustralis.com\/wp-content\/uploads\/2020\/10\/106.sm-galley-1024x684.jpg 1024w, https:\/\/santamariaaustralis.com\/wp-content\/uploads\/2020\/10\/106.sm-galley-1536x1026.jpg 1536w, https:\/\/santamariaaustralis.com\/wp-content\/uploads\/2020\/10\/106.sm-galley-2048x1369.jpg 2048w, https:\/\/santamariaaustralis.com\/wp-content\/uploads\/2020\/10\/106.sm-galley-930x620.jpg 930w\" sizes=\"(max-width: 768px) 100vw, 768px\" \/><\/a>\n\t\t\t<\/div><\/figure><figure class='gallery-item'>\n\t\t\t<div class='gallery-icon landscape'>\n\t\t\t\t<a data-elementor-open-lightbox=\"yes\" data-elementor-lightbox-slideshow=\"d17206d\" data-elementor-lightbox-title=\"107.sm-stern-cabin\" data-e-action-hash=\"#elementor-action%3Aaction%3Dlightbox%26settings%3DeyJpZCI6MzgyLCJ1cmwiOiJodHRwczpcL1wvc2FudGFtYXJpYWF1c3RyYWxpcy5jb21cL3dwLWNvbnRlbnRcL3VwbG9hZHNcLzIwMjBcLzEwXC8xMDcuc20tc3Rlcm4tY2FiaW4uanBnIiwic2xpZGVzaG93IjoiZDE3MjA2ZCJ9\" href='https:\/\/santamariaaustralis.com\/wp-content\/uploads\/2020\/10\/107.sm-stern-cabin.jpg'><img loading=\"lazy\" decoding=\"async\" width=\"768\" height=\"526\" src=\"https:\/\/santamariaaustralis.com\/wp-content\/uploads\/2020\/10\/107.sm-stern-cabin-768x526.jpg\" class=\"attachment-medium_large size-medium_large\" alt=\"\" srcset=\"https:\/\/santamariaaustralis.com\/wp-content\/uploads\/2020\/10\/107.sm-stern-cabin-768x526.jpg 768w, https:\/\/santamariaaustralis.com\/wp-content\/uploads\/2020\/10\/107.sm-stern-cabin-300x205.jpg 300w, https:\/\/santamariaaustralis.com\/wp-content\/uploads\/2020\/10\/107.sm-stern-cabin-1024x701.jpg 1024w, https:\/\/santamariaaustralis.com\/wp-content\/uploads\/2020\/10\/107.sm-stern-cabin-1536x1051.jpg 1536w, https:\/\/santamariaaustralis.com\/wp-content\/uploads\/2020\/10\/107.sm-stern-cabin-2048x1402.jpg 2048w\" sizes=\"(max-width: 768px) 100vw, 768px\" \/><\/a>\n\t\t\t<\/div><\/figure><figure class='gallery-item'>\n\t\t\t<div class='gallery-icon landscape'>\n\t\t\t\t<a data-elementor-open-lightbox=\"yes\" data-elementor-lightbox-slideshow=\"d17206d\" data-elementor-lightbox-title=\"DSCN1225\" data-e-action-hash=\"#elementor-action%3Aaction%3Dlightbox%26settings%3DeyJpZCI6Mzg0LCJ1cmwiOiJodHRwczpcL1wvc2FudGFtYXJpYWF1c3RyYWxpcy5jb21cL3dwLWNvbnRlbnRcL3VwbG9hZHNcLzIwMjBcLzEwXC9EU0NOMTIyNS5qcGciLCJzbGlkZXNob3ciOiJkMTcyMDZkIn0%3D\" href='https:\/\/santamariaaustralis.com\/wp-content\/uploads\/2020\/10\/DSCN1225.jpg'><img loading=\"lazy\" decoding=\"async\" width=\"768\" height=\"576\" src=\"https:\/\/santamariaaustralis.com\/wp-content\/uploads\/2020\/10\/DSCN1225-768x576.jpg\" class=\"attachment-medium_large size-medium_large\" alt=\"\" srcset=\"https:\/\/santamariaaustralis.com\/wp-content\/uploads\/2020\/10\/DSCN1225-768x576.jpg 768w, https:\/\/santamariaaustralis.com\/wp-content\/uploads\/2020\/10\/DSCN1225-300x225.jpg 300w, https:\/\/santamariaaustralis.com\/wp-content\/uploads\/2020\/10\/DSCN1225.jpg 1024w\" sizes=\"(max-width: 768px) 100vw, 768px\" \/><\/a>\n\t\t\t<\/div><\/figure>\n\t\t<\/div>\n\t\t<\/div>\n\t\t\t\t\t\t<\/div>\n\t\t\t\t<\/div>\n\t\t\t\t\t<\/div>\n\t\t<\/div>\n\t\t\t\t\t<\/div>\n\t\t<\/section>\n\t\t\t\t<\/div>","protected":false},"excerpt":{"rendered":"<p>OVERVIEW, FLOOR PLAN &#038; TECHNICAL DATA SY \u201eSANTA MARIA\u201c \u2013 The SANTA MARIA (47 feet) is the little sister of the Santa Maria Australis. With her, Wolf fulfilled his dream of sailing in 1985. She taught him a lot of what he knows now and together they look back on countless miles and adventures. The SANTA MARIA is well equipped and tested for the toughest conditions. Sturdy, comfortable, and straightforward, with 7 beds, it has provided a temporary home on the sea for many adventure-seekers. In 1990 the SANTA MARIA was, after the FREYDIS, the second German yacht to reach Antarctica. She is a veteran of the seas, still in perfect conditions. Download Techical Info<\/p>","protected":false},"author":1,"featured_media":0,"parent":0,"menu_order":0,"comment_status":"closed","ping_status":"closed","template":"","meta":{"neve_meta_sidebar":"full-width","neve_meta_container":"","neve_meta_enable_content_width":"on","neve_meta_content_width":100,"neve_meta_title_alignment":"","neve_meta_author_avatar":"","neve_post_elements_order":"","neve_meta_disable_header":"","neve_meta_disable_footer":"","neve_meta_disable_title":"","_themeisle_gutenberg_block_has_review":false,"footnotes":""},"class_list":["post-377","page","type-page","status-publish","hentry"],"_links":{"self":[{"href":"https:\/\/santamariaaustralis.com\/de\/wp-json\/wp\/v2\/pages\/377","targetHints":{"allow":["GET"]}}],"collection":[{"href":"https:\/\/santamariaaustralis.com\/de\/wp-json\/wp\/v2\/pages"}],"about":[{"href":"https:\/\/santamariaaustralis.com\/de\/wp-json\/wp\/v2\/types\/page"}],"author":[{"embeddable":true,"href":"https:\/\/santamariaaustralis.com\/de\/wp-json\/wp\/v2\/users\/1"}],"replies":[{"embeddable":true,"href":"https:\/\/santamariaaustralis.com\/de\/wp-json\/wp\/v2\/comments?post=377"}],"version-history":[{"count":6,"href":"https:\/\/santamariaaustralis.com\/de\/wp-json\/wp\/v2\/pages\/377\/revisions"}],"predecessor-version":[{"id":793,"href":"https:\/\/santamariaaustralis.com\/de\/wp-json\/wp\/v2\/pages\/377\/revisions\/793"}],"wp:attachment":[{"href":"https:\/\/santamariaaustralis.com\/de\/wp-json\/wp\/v2\/media?parent=377"}],"curies":[{"name":"wp","href":"https:\/\/api.w.org\/{rel}","templated":true}]}}