{"id":338,"date":"2020-10-28T00:22:12","date_gmt":"2020-10-28T00:22:12","guid":{"rendered":"https:\/\/santamariaaustralis.com\/wordpress\/?page_id=338"},"modified":"2021-03-18T21:29:50","modified_gmt":"2021-03-18T21:29:50","slug":"covid","status":"publish","type":"page","link":"https:\/\/santamariaaustralis.com\/de\/covid\/","title":{"rendered":"Covid-19"},"content":{"rendered":"<div data-elementor-type=\"wp-post\" data-elementor-id=\"338\" class=\"elementor elementor-338\">\n\t\t\t\t\t\t<section class=\"elementor-section elementor-top-section elementor-element elementor-element-0a81704 elementor-section-boxed elementor-section-height-default elementor-section-height-default wpr-particle-no wpr-jarallax-no wpr-parallax-no wpr-sticky-section-no\" data-id=\"0a81704\" data-element_type=\"section\" data-e-type=\"section\" data-settings=\"{&quot;background_background&quot;:&quot;classic&quot;}\">\n\t\t\t\t\t\t<div class=\"elementor-container elementor-column-gap-default\">\n\t\t\t\t\t<div class=\"elementor-column elementor-col-100 elementor-top-column elementor-element elementor-element-118fb96\" data-id=\"118fb96\" data-element_type=\"column\" data-e-type=\"column\">\n\t\t\t<div class=\"elementor-widget-wrap elementor-element-populated\">\n\t\t\t\t\t\t<section class=\"elementor-section elementor-inner-section elementor-element elementor-element-70f63cd elementor-section-boxed elementor-section-height-default elementor-section-height-default wpr-particle-no wpr-jarallax-no wpr-parallax-no wpr-sticky-section-no\" data-id=\"70f63cd\" data-element_type=\"section\" data-e-type=\"section\">\n\t\t\t\t\t\t<div class=\"elementor-container elementor-column-gap-default\">\n\t\t\t\t\t<div class=\"elementor-column elementor-col-100 elementor-inner-column elementor-element elementor-element-12cc84e\" data-id=\"12cc84e\" data-element_type=\"column\" data-e-type=\"column\">\n\t\t\t<div class=\"elementor-widget-wrap elementor-element-populated\">\n\t\t\t\t\t\t<div class=\"elementor-element elementor-element-4d0a561 elementor-widget elementor-widget-heading\" data-id=\"4d0a561\" data-element_type=\"widget\" data-e-type=\"widget\" data-widget_type=\"heading.default\">\n\t\t\t\t<div class=\"elementor-widget-container\">\n\t\t\t\t\t<h2 class=\"elementor-heading-title elementor-size-default\">COVID-19 <\/h2>\t\t\t\t<\/div>\n\t\t\t\t<\/div>\n\t\t\t\t<div class=\"elementor-element elementor-element-c4bce5b elementor-widget elementor-widget-text-editor\" data-id=\"c4bce5b\" data-element_type=\"widget\" data-e-type=\"widget\" data-widget_type=\"text-editor.default\">\n\t\t\t\t<div class=\"elementor-widget-container\">\n\t\t\t\t\t\t\t\t\t<p>Unsere Gedanken richten sich in erster Linie an alle, die direkt oder deren Familien und Freunde von COVID-19 betroffen sind.<\/p><p>Wir hoffen, dass Ihr alle wohlbehalten seid und die notwendigen Vorkehrungen trefft, dass dies auch so bleibt.\nDie Leute fragen uns, ob wir glauben, dass es sicher ist, 2020\/2021 wieder in die Antarktis zu reisen. Es gibt viele Meinungen dar\u00fcber, was die Zukunft bereith\u00e4lt, und die einfache Wahrheit ist, dass es niemand wirklich vorhersagen kann.<\/p><p>F\u00fcr uns stehen die Gesundheit und die Sicherheit unserer Mitarbeiter und Besucher sowie die der Umwelt an erster Stelle. Die Antarktis ist der letzte Kontinent, welcher noch nicht von COVID-19 betroffen ist. Wir m\u00f6chten unseren Beitrag dazu leisten, dass dies so bleibt. Wir haben daher entschieden, unsere f\u00fcr diese Saison geplanten Reisen in die Antarktis auf die Saison 21\/22 zu verschieben.<\/p><p>Nat\u00fcrlich vermissen wir das Reisen und die vielseitigen Begegnungen an Bord.\nUnsere Abenteuer mit Euch zu teilen, ist das, was wir am meisten lieben, und was wir jetzt am meisten vermissen.<\/p>\t\t\t\t\t\t\t\t<\/div>\n\t\t\t\t<\/div>\n\t\t\t\t<div class=\"elementor-element elementor-element-26df812 elementor-widget elementor-widget-text-editor\" data-id=\"26df812\" data-element_type=\"widget\" data-e-type=\"widget\" data-widget_type=\"text-editor.default\">\n\t\t\t\t<div class=\"elementor-widget-container\">\n\t\t\t\t\t\t\t\t\t<p><strong>Wenn Ihr nicht nach S\u00fcdamerika reisen k\u00f6nnt, dann kommen wir zu Euch \u2013 die SANTA MARIA AUSTRALIS segelt nach Europa!<\/strong><\/p>\t\t\t\t\t\t\t\t<\/div>\n\t\t\t\t<\/div>\n\t\t\t\t<div class=\"elementor-element elementor-element-d38fe7d elementor-widget elementor-widget-text-editor\" data-id=\"d38fe7d\" data-element_type=\"widget\" data-e-type=\"widget\" data-widget_type=\"text-editor.default\">\n\t\t\t\t<div class=\"elementor-widget-container\">\n\t\t\t\t\t\t\t\t\t<p>W\u00e4hrend wir die SANTA MARIA bereits im August von Schottland an die deutsche Ostseek\u00fcste holen konnten, liegt die SANTA MARIA AUSTRALIS noch auf den Falkland Inseln, wo wir sie im M\u00e4rz 2020 festmachen mussten. Nun wollen wir auch sie vor\u00fcbergehend nach Europa segeln.<\/p>\n<p>In erster Linie wollen wir die Zeit nutzen, um die SMA in der Werft zu warten. Noch wichtiger ist, dass wir den Interessierten eine realistische und sichere Reise in n\u00e4her gelegene, aber ebenso interessante Gebiete anbieten wollen. Beginnend mit einer einfachen Anfahrt von zu Hause zum Abfahrtshafen, gefolgt von einer sicheren und herzhaften Seereise an Bord und beendet mit einer positiven Heimkehr voller neuer angenehmer Eindr\u00fccke.<\/p>\n<p>Wann und wohin sich die Reise dann in Europa f\u00fcr beide Schiffe fortsetzt, k\u00f6nnen wir aktuell noch nicht im Detail sagen. Wir verfolgen die weltweiten Entwicklungen ganz genau und (re)agieren sobald wir absehen k\u00f6nnen, dass Zuverl\u00e4ssigkeit, Sicherheit und Gesundheit f\u00fcr Mitsegler und Crew gew\u00e4hrleistet werden k\u00f6nnen.<\/p>\t\t\t\t\t\t\t\t<\/div>\n\t\t\t\t<\/div>\n\t\t\t\t\t<\/div>\n\t\t<\/div>\n\t\t\t\t\t<\/div>\n\t\t<\/section>\n\t\t\t\t\t<\/div>\n\t\t<\/div>\n\t\t\t\t\t<\/div>\n\t\t<\/section>\n\t\t\t\t<section class=\"elementor-section elementor-top-section elementor-element elementor-element-21b621a4 elementor-section-stretched elementor-section-boxed elementor-section-height-default elementor-section-height-default wpr-particle-no wpr-jarallax-no wpr-parallax-no wpr-sticky-section-no\" data-id=\"21b621a4\" data-element_type=\"section\" data-e-type=\"section\" data-settings=\"{&quot;stretch_section&quot;:&quot;section-stretched&quot;,&quot;background_background&quot;:&quot;classic&quot;}\">\n\t\t\t\t\t\t<div class=\"elementor-container elementor-column-gap-default\">\n\t\t\t\t\t<div class=\"elementor-column elementor-col-50 elementor-top-column elementor-element elementor-element-66197e3a\" data-id=\"66197e3a\" data-element_type=\"column\" data-e-type=\"column\" data-settings=\"{&quot;background_background&quot;:&quot;classic&quot;}\">\n\t\t\t<div class=\"elementor-widget-wrap elementor-element-populated\">\n\t\t\t\t\t\t<div class=\"elementor-element elementor-element-503a895e elementor-widget elementor-widget-heading\" data-id=\"503a895e\" data-element_type=\"widget\" data-e-type=\"widget\" data-widget_type=\"heading.default\">\n\t\t\t\t<div class=\"elementor-widget-container\">\n\t\t\t\t\t<h3 class=\"elementor-heading-title elementor-size-default\">WENN DU ZU UNSEREN PLANUNGEN AUF DEM LAUFENDEN BLEIBEN WILLST<\/h3>\t\t\t\t<\/div>\n\t\t\t\t<\/div>\n\t\t\t\t\t<\/div>\n\t\t<\/div>\n\t\t\t\t<div class=\"elementor-column elementor-col-50 elementor-top-column elementor-element elementor-element-5e4c4303\" data-id=\"5e4c4303\" data-element_type=\"column\" data-e-type=\"column\" data-settings=\"{&quot;background_background&quot;:&quot;classic&quot;}\">\n\t\t\t<div class=\"elementor-widget-wrap elementor-element-populated\">\n\t\t\t\t\t\t<div class=\"elementor-element elementor-element-1ded7b59 elementor-align-center elementor-widget elementor-widget-button\" data-id=\"1ded7b59\" data-element_type=\"widget\" data-e-type=\"widget\" data-widget_type=\"button.default\">\n\t\t\t\t<div class=\"elementor-widget-container\">\n\t\t\t\t\t\t\t\t\t<div class=\"elementor-button-wrapper\">\n\t\t\t\t\t<a class=\"elementor-button elementor-button-link elementor-size-xl\" href=\"http:\/\/eepurl.com\/b0t5db\" target=\"_blank\">\n\t\t\t\t\t\t<span class=\"elementor-button-content-wrapper\">\n\t\t\t\t\t\t\t\t\t<span class=\"elementor-button-text\">ABONNIERE DOCH UNSEREN NEWSLETTER<\/span>\n\t\t\t\t\t<\/span>\n\t\t\t\t\t<\/a>\n\t\t\t\t<\/div>\n\t\t\t\t\t\t\t\t<\/div>\n\t\t\t\t<\/div>\n\t\t\t\t\t<\/div>\n\t\t<\/div>\n\t\t\t\t\t<\/div>\n\t\t<\/section>\n\t\t\t\t<\/div>","protected":false},"excerpt":{"rendered":"<p>COVID-19 Our thoughts go first and foremost to all those who have been directly affected or those whose families and friends have been affected by COVID-19. We hope that each of you are safe and well and that you are taking the necessary precautions to keep it that way.\u00a0People have been asking us if we think it is safe to travel to Antarctica again in 2020\/2021. There are many opinions as to what the future holds, however, the simple truth is that no one can really tell. For us, the health and safety of our staff and visitors, as well as the environment, are paramount. Antarctica is the last continent not yet affected by COVID-19. We want to do our part to keep it that way. We have therefore decided to postpone our trips to Antarctica planned for this season until the 21\/22 season. Of course, we miss the travelling and the various experiences on board. Sharing our adventures with you is what we love and what we now miss the most. If you cannot travel to South America, then we will come to you \u2013 the SANTA MARIA AUSTRALIS is sailing to Europe! While we were already able to bring the SANTA MARIA from Scotland to the German Baltic coast in August, the SANTA MARIA AUSTRALIS is still moored in the Falkland Islands, where we had to leave her in March 2020. Now we also want to sail her temporarily to Europe. First of all, we want to use the time to service her in the shipyard. More importantly, we want to offer interested parties feasible and safe journey in closer yet equally interesting areas. Starting with a smooth journey from home to the port of departure, followed by a safe and healthy voyage on board and finished with a positive homecoming full of new pleasant impressions. We are not yet able to say in detail when and where our journey will continue in Europe. We are following the worldwide developments very closely and will (re)act as soon as we can ensure the reliability of the situation and the safety and health of our crew and passengers. IF YOU WANT TO STAY UP TO DATE ON OUR PLANNING SUBSCRIBE TO OUR NEWSLETTER<\/p>","protected":false},"author":1,"featured_media":0,"parent":0,"menu_order":0,"comment_status":"closed","ping_status":"open","template":"page-templates\/template-pagebuilder-full-width.php","meta":{"neve_meta_sidebar":"","neve_meta_container":"","neve_meta_enable_content_width":"","neve_meta_content_width":70,"neve_meta_title_alignment":"","neve_meta_author_avatar":"","neve_post_elements_order":"","neve_meta_disable_header":"","neve_meta_disable_footer":"","neve_meta_disable_title":"","_themeisle_gutenberg_block_has_review":false,"footnotes":""},"class_list":["post-338","page","type-page","status-publish","hentry"],"_links":{"self":[{"href":"https:\/\/santamariaaustralis.com\/de\/wp-json\/wp\/v2\/pages\/338","targetHints":{"allow":["GET"]}}],"collection":[{"href":"https:\/\/santamariaaustralis.com\/de\/wp-json\/wp\/v2\/pages"}],"about":[{"href":"https:\/\/santamariaaustralis.com\/de\/wp-json\/wp\/v2\/types\/page"}],"author":[{"embeddable":true,"href":"https:\/\/santamariaaustralis.com\/de\/wp-json\/wp\/v2\/users\/1"}],"replies":[{"embeddable":true,"href":"https:\/\/santamariaaustralis.com\/de\/wp-json\/wp\/v2\/comments?post=338"}],"version-history":[{"count":11,"href":"https:\/\/santamariaaustralis.com\/de\/wp-json\/wp\/v2\/pages\/338\/revisions"}],"predecessor-version":[{"id":897,"href":"https:\/\/santamariaaustralis.com\/de\/wp-json\/wp\/v2\/pages\/338\/revisions\/897"}],"wp:attachment":[{"href":"https:\/\/santamariaaustralis.com\/de\/wp-json\/wp\/v2\/media?parent=338"}],"curies":[{"name":"wp","href":"https:\/\/api.w.org\/{rel}","templated":true}]}}