{"id":239,"date":"2020-10-18T22:03:21","date_gmt":"2020-10-18T22:03:21","guid":{"rendered":"https:\/\/santamariaaustralis.com\/wordpress\/?page_id=239"},"modified":"2025-04-11T20:25:22","modified_gmt":"2025-04-11T20:25:22","slug":"sma","status":"publish","type":"page","link":"https:\/\/santamariaaustralis.com\/de\/sma\/","title":{"rendered":"SY SANTA MARIA AUSTRALIS"},"content":{"rendered":"<div data-elementor-type=\"wp-page\" data-elementor-id=\"239\" class=\"elementor elementor-239\">\n\t\t\t\t\t\t<section class=\"elementor-section elementor-top-section elementor-element elementor-element-1bfd1416 elementor-section-boxed elementor-section-height-default elementor-section-height-default wpr-particle-no wpr-jarallax-no wpr-parallax-no wpr-sticky-section-no\" data-id=\"1bfd1416\" data-element_type=\"section\" data-e-type=\"section\" data-settings=\"{&quot;background_background&quot;:&quot;classic&quot;}\">\n\t\t\t\t\t\t<div class=\"elementor-container elementor-column-gap-default\">\n\t\t\t\t\t<div class=\"elementor-column elementor-col-100 elementor-top-column elementor-element elementor-element-5c500440\" data-id=\"5c500440\" data-element_type=\"column\" data-e-type=\"column\">\n\t\t\t<div class=\"elementor-widget-wrap elementor-element-populated\">\n\t\t\t\t\t\t<section class=\"elementor-section elementor-inner-section elementor-element elementor-element-6f4e70cb elementor-section-content-middle elementor-section-boxed elementor-section-height-default elementor-section-height-default wpr-particle-no wpr-jarallax-no wpr-parallax-no wpr-sticky-section-no\" data-id=\"6f4e70cb\" data-element_type=\"section\" data-e-type=\"section\">\n\t\t\t\t\t\t<div class=\"elementor-container elementor-column-gap-default\">\n\t\t\t\t\t<div class=\"elementor-column elementor-col-50 elementor-inner-column elementor-element elementor-element-735fe602\" data-id=\"735fe602\" data-element_type=\"column\" data-e-type=\"column\" data-settings=\"{&quot;background_background&quot;:&quot;classic&quot;}\">\n\t\t\t<div class=\"elementor-widget-wrap elementor-element-populated\">\n\t\t\t\t\t\t<div class=\"elementor-element elementor-element-377a3c72 elementor-widget elementor-widget-heading\" data-id=\"377a3c72\" data-element_type=\"widget\" data-e-type=\"widget\" data-widget_type=\"heading.default\">\n\t\t\t\t<div class=\"elementor-widget-container\">\n\t\t\t\t\t<h2 class=\"elementor-heading-title elementor-size-default\">OVERVIEW, FLOOR PLAN &amp; TECHNICAL DATA<\/h2>\t\t\t\t<\/div>\n\t\t\t\t<\/div>\n\t\t\t\t<div class=\"elementor-element elementor-element-64186795 elementor-widget elementor-widget-heading\" data-id=\"64186795\" data-element_type=\"widget\" data-e-type=\"widget\" data-widget_type=\"heading.default\">\n\t\t\t\t<div class=\"elementor-widget-container\">\n\t\t\t\t\t<span class=\"elementor-heading-title elementor-size-default\">SY SANTA MARIA AUSTRALIS<\/span>\t\t\t\t<\/div>\n\t\t\t\t<\/div>\n\t\t\t\t<div class=\"elementor-element elementor-element-56482018 elementor-widget elementor-widget-text-editor\" data-id=\"56482018\" data-element_type=\"widget\" data-e-type=\"widget\" data-widget_type=\"text-editor.default\">\n\t\t\t\t<div class=\"elementor-widget-container\">\n\t\t\t\t\t\t\t\t\t<p>Mit der SANTA MARIA AUSTRALIS (68 Fu\u00df) sind wir seit 2005 rund 150.000 Seemeilen im Mittelmeer, im Atlantik und Pazifik, in der S\u00fcdsee und rund Amerika, inkl. Nordwestpassage, in der Arktis und der Antarktis gesegelt.<\/p><p>Ihr robuster Aluminium-Rumpf hat sich unz\u00e4hlige Male \u00fcber die Drake-Passage, durch Eisberg-Labyrinthe hindurch und \u00fcber Eisschollen hinweg gek\u00e4mpft. H\u00e4tte sie Augen, h\u00e4tte sie mehr Albatrosse, Pinguine, Eisb\u00e4ren und Seel\u00f6wen gesehen als die meisten Menschen dieser Erde.<\/p><p>Die Santa Maria Australis ist seit 2005 in unserem Besitz und seitdem unsere treue Begleiterin f\u00fcr das grenzenlose Segeln rund um den Globus. Sie ist f\u00fcr bis zu 9 Mitsegler plus Crew ausgelegt \u2013 insgesamt durften wir schon an die 500 Besucher willkommen hei\u00dfen.<\/p><p>Jeder einzelne, der mit uns die Leidenschaft f\u00fcr au\u00dfergew\u00f6hnliche Momente in der Natur teilt, schenkt uns Energie und sich selbst ein unvergessliches Erlebnis.<\/p>\t\t\t\t\t\t\t\t<\/div>\n\t\t\t\t<\/div>\n\t\t\t\t<div class=\"elementor-element elementor-element-61a78e9e elementor-align-left elementor-widget elementor-widget-button\" data-id=\"61a78e9e\" data-element_type=\"widget\" data-e-type=\"widget\" data-widget_type=\"button.default\">\n\t\t\t\t<div class=\"elementor-widget-container\">\n\t\t\t\t\t\t\t\t\t<div class=\"elementor-button-wrapper\">\n\t\t\t\t\t<a class=\"elementor-button elementor-button-link elementor-size-lg\" href=\"\/wp-content\/uploads\/2021\/01\/SMA_deutsch.pdf\">\n\t\t\t\t\t\t<span class=\"elementor-button-content-wrapper\">\n\t\t\t\t\t\t\t\t\t<span class=\"elementor-button-text\">Laden Sie die technischen Info<\/span>\n\t\t\t\t\t<\/span>\n\t\t\t\t\t<\/a>\n\t\t\t\t<\/div>\n\t\t\t\t\t\t\t\t<\/div>\n\t\t\t\t<\/div>\n\t\t\t\t\t<\/div>\n\t\t<\/div>\n\t\t\t\t<div class=\"elementor-column elementor-col-50 elementor-inner-column elementor-element elementor-element-622bfaa\" data-id=\"622bfaa\" data-element_type=\"column\" data-e-type=\"column\">\n\t\t\t<div class=\"elementor-widget-wrap elementor-element-populated\">\n\t\t\t\t\t\t<div class=\"elementor-element elementor-element-7d37214c elementor-widget elementor-widget-image\" data-id=\"7d37214c\" data-element_type=\"widget\" data-e-type=\"widget\" data-widget_type=\"image.default\">\n\t\t\t\t<div class=\"elementor-widget-container\">\n\t\t\t\t\t\t\t\t\t\t\t\t\t\t\t<img fetchpriority=\"high\" decoding=\"async\" width=\"397\" height=\"615\" src=\"https:\/\/santamariaaustralis.com\/wp-content\/uploads\/2020\/10\/SMA.jpg\" class=\"attachment-large size-large wp-image-246\" alt=\"\" srcset=\"https:\/\/santamariaaustralis.com\/wp-content\/uploads\/2020\/10\/SMA.jpg 397w, https:\/\/santamariaaustralis.com\/wp-content\/uploads\/2020\/10\/SMA-194x300.jpg 194w\" sizes=\"(max-width: 397px) 100vw, 397px\" \/>\t\t\t\t\t\t\t\t\t\t\t\t\t\t\t<\/div>\n\t\t\t\t<\/div>\n\t\t\t\t\t<\/div>\n\t\t<\/div>\n\t\t\t\t\t<\/div>\n\t\t<\/section>\n\t\t\t\t\t<\/div>\n\t\t<\/div>\n\t\t\t\t\t<\/div>\n\t\t<\/section>\n\t\t\t\t<section class=\"elementor-section elementor-top-section elementor-element elementor-element-6ce308bf elementor-section-boxed elementor-section-height-default elementor-section-height-default wpr-particle-no wpr-jarallax-no wpr-parallax-no wpr-sticky-section-no\" data-id=\"6ce308bf\" data-element_type=\"section\" data-e-type=\"section\" data-settings=\"{&quot;background_background&quot;:&quot;classic&quot;}\">\n\t\t\t\t\t\t<div class=\"elementor-container elementor-column-gap-default\">\n\t\t\t\t\t<div class=\"elementor-column elementor-col-100 elementor-top-column elementor-element elementor-element-7b67fe01\" data-id=\"7b67fe01\" data-element_type=\"column\" data-e-type=\"column\">\n\t\t\t<div class=\"elementor-widget-wrap elementor-element-populated\">\n\t\t\t\t\t\t<div class=\"elementor-element elementor-element-d17206d gallery-spacing-custom elementor-widget elementor-widget-image-gallery\" data-id=\"d17206d\" data-element_type=\"widget\" data-e-type=\"widget\" data-widget_type=\"image-gallery.default\">\n\t\t\t\t<div class=\"elementor-widget-container\">\n\t\t\t\t\t\t\t<div class=\"elementor-image-gallery\">\n\t\t\t<div id='gallery-1' class='gallery galleryid-239 gallery-columns-3 gallery-size-medium_large'><figure class='gallery-item'>\n\t\t\t<div class='gallery-icon landscape'>\n\t\t\t\t<a data-elementor-open-lightbox=\"yes\" data-elementor-lightbox-slideshow=\"d17206d\" data-elementor-lightbox-title=\"sma_interior1\" data-e-action-hash=\"#elementor-action%3Aaction%3Dlightbox%26settings%3DeyJpZCI6MjcxLCJ1cmwiOiJodHRwczpcL1wvc2FudGFtYXJpYWF1c3RyYWxpcy5jb21cL3dwLWNvbnRlbnRcL3VwbG9hZHNcLzIwMjBcLzEwXC9zbWFfaW50ZXJpb3IxLmpwZyIsInNsaWRlc2hvdyI6ImQxNzIwNmQifQ%3D%3D\" href='https:\/\/santamariaaustralis.com\/wp-content\/uploads\/2020\/10\/sma_interior1.jpg'><img decoding=\"async\" width=\"600\" height=\"600\" src=\"https:\/\/santamariaaustralis.com\/wp-content\/uploads\/2020\/10\/sma_interior1.jpg\" class=\"attachment-medium_large size-medium_large\" alt=\"\" srcset=\"https:\/\/santamariaaustralis.com\/wp-content\/uploads\/2020\/10\/sma_interior1.jpg 600w, https:\/\/santamariaaustralis.com\/wp-content\/uploads\/2020\/10\/sma_interior1-300x300.jpg 300w, https:\/\/santamariaaustralis.com\/wp-content\/uploads\/2020\/10\/sma_interior1-150x150.jpg 150w\" sizes=\"(max-width: 600px) 100vw, 600px\" \/><\/a>\n\t\t\t<\/div><\/figure><figure class='gallery-item'>\n\t\t\t<div class='gallery-icon landscape'>\n\t\t\t\t<a data-elementor-open-lightbox=\"yes\" data-elementor-lightbox-slideshow=\"d17206d\" data-elementor-lightbox-title=\"sma_interior2\" data-e-action-hash=\"#elementor-action%3Aaction%3Dlightbox%26settings%3DeyJpZCI6MjcyLCJ1cmwiOiJodHRwczpcL1wvc2FudGFtYXJpYWF1c3RyYWxpcy5jb21cL3dwLWNvbnRlbnRcL3VwbG9hZHNcLzIwMjBcLzEwXC9zbWFfaW50ZXJpb3IyLmpwZyIsInNsaWRlc2hvdyI6ImQxNzIwNmQifQ%3D%3D\" href='https:\/\/santamariaaustralis.com\/wp-content\/uploads\/2020\/10\/sma_interior2.jpg'><img decoding=\"async\" width=\"600\" height=\"600\" src=\"https:\/\/santamariaaustralis.com\/wp-content\/uploads\/2020\/10\/sma_interior2.jpg\" class=\"attachment-medium_large size-medium_large\" alt=\"\" srcset=\"https:\/\/santamariaaustralis.com\/wp-content\/uploads\/2020\/10\/sma_interior2.jpg 600w, https:\/\/santamariaaustralis.com\/wp-content\/uploads\/2020\/10\/sma_interior2-300x300.jpg 300w, https:\/\/santamariaaustralis.com\/wp-content\/uploads\/2020\/10\/sma_interior2-150x150.jpg 150w\" sizes=\"(max-width: 600px) 100vw, 600px\" \/><\/a>\n\t\t\t<\/div><\/figure><figure class='gallery-item'>\n\t\t\t<div class='gallery-icon landscape'>\n\t\t\t\t<a data-elementor-open-lightbox=\"yes\" data-elementor-lightbox-slideshow=\"d17206d\" data-elementor-lightbox-title=\"sma_interior3\" data-e-action-hash=\"#elementor-action%3Aaction%3Dlightbox%26settings%3DeyJpZCI6MjczLCJ1cmwiOiJodHRwczpcL1wvc2FudGFtYXJpYWF1c3RyYWxpcy5jb21cL3dwLWNvbnRlbnRcL3VwbG9hZHNcLzIwMjBcLzEwXC9zbWFfaW50ZXJpb3IzLmpwZyIsInNsaWRlc2hvdyI6ImQxNzIwNmQifQ%3D%3D\" href='https:\/\/santamariaaustralis.com\/wp-content\/uploads\/2020\/10\/sma_interior3.jpg'><img loading=\"lazy\" decoding=\"async\" width=\"600\" height=\"600\" src=\"https:\/\/santamariaaustralis.com\/wp-content\/uploads\/2020\/10\/sma_interior3.jpg\" class=\"attachment-medium_large size-medium_large\" alt=\"\" srcset=\"https:\/\/santamariaaustralis.com\/wp-content\/uploads\/2020\/10\/sma_interior3.jpg 600w, https:\/\/santamariaaustralis.com\/wp-content\/uploads\/2020\/10\/sma_interior3-300x300.jpg 300w, https:\/\/santamariaaustralis.com\/wp-content\/uploads\/2020\/10\/sma_interior3-150x150.jpg 150w\" sizes=\"(max-width: 600px) 100vw, 600px\" \/><\/a>\n\t\t\t<\/div><\/figure><figure class='gallery-item'>\n\t\t\t<div class='gallery-icon landscape'>\n\t\t\t\t<a data-elementor-open-lightbox=\"yes\" data-elementor-lightbox-slideshow=\"d17206d\" data-elementor-lightbox-title=\"sma_interior4\" data-e-action-hash=\"#elementor-action%3Aaction%3Dlightbox%26settings%3DeyJpZCI6Mjc0LCJ1cmwiOiJodHRwczpcL1wvc2FudGFtYXJpYWF1c3RyYWxpcy5jb21cL3dwLWNvbnRlbnRcL3VwbG9hZHNcLzIwMjBcLzEwXC9zbWFfaW50ZXJpb3I0LmpwZyIsInNsaWRlc2hvdyI6ImQxNzIwNmQifQ%3D%3D\" href='https:\/\/santamariaaustralis.com\/wp-content\/uploads\/2020\/10\/sma_interior4.jpg'><img loading=\"lazy\" decoding=\"async\" width=\"600\" height=\"600\" src=\"https:\/\/santamariaaustralis.com\/wp-content\/uploads\/2020\/10\/sma_interior4.jpg\" class=\"attachment-medium_large size-medium_large\" alt=\"\" srcset=\"https:\/\/santamariaaustralis.com\/wp-content\/uploads\/2020\/10\/sma_interior4.jpg 600w, https:\/\/santamariaaustralis.com\/wp-content\/uploads\/2020\/10\/sma_interior4-300x300.jpg 300w, https:\/\/santamariaaustralis.com\/wp-content\/uploads\/2020\/10\/sma_interior4-150x150.jpg 150w\" sizes=\"(max-width: 600px) 100vw, 600px\" \/><\/a>\n\t\t\t<\/div><\/figure><figure class='gallery-item'>\n\t\t\t<div class='gallery-icon landscape'>\n\t\t\t\t<a data-elementor-open-lightbox=\"yes\" data-elementor-lightbox-slideshow=\"d17206d\" data-elementor-lightbox-title=\"sma_interior5\" data-e-action-hash=\"#elementor-action%3Aaction%3Dlightbox%26settings%3DeyJpZCI6Mjc1LCJ1cmwiOiJodHRwczpcL1wvc2FudGFtYXJpYWF1c3RyYWxpcy5jb21cL3dwLWNvbnRlbnRcL3VwbG9hZHNcLzIwMjBcLzEwXC9zbWFfaW50ZXJpb3I1LmpwZyIsInNsaWRlc2hvdyI6ImQxNzIwNmQifQ%3D%3D\" href='https:\/\/santamariaaustralis.com\/wp-content\/uploads\/2020\/10\/sma_interior5.jpg'><img loading=\"lazy\" decoding=\"async\" width=\"600\" height=\"600\" src=\"https:\/\/santamariaaustralis.com\/wp-content\/uploads\/2020\/10\/sma_interior5.jpg\" class=\"attachment-medium_large size-medium_large\" alt=\"\" srcset=\"https:\/\/santamariaaustralis.com\/wp-content\/uploads\/2020\/10\/sma_interior5.jpg 600w, https:\/\/santamariaaustralis.com\/wp-content\/uploads\/2020\/10\/sma_interior5-300x300.jpg 300w, https:\/\/santamariaaustralis.com\/wp-content\/uploads\/2020\/10\/sma_interior5-150x150.jpg 150w\" sizes=\"(max-width: 600px) 100vw, 600px\" \/><\/a>\n\t\t\t<\/div><\/figure><figure class='gallery-item'>\n\t\t\t<div class='gallery-icon landscape'>\n\t\t\t\t<a data-elementor-open-lightbox=\"yes\" data-elementor-lightbox-slideshow=\"d17206d\" data-elementor-lightbox-title=\"sma_interior6\" data-e-action-hash=\"#elementor-action%3Aaction%3Dlightbox%26settings%3DeyJpZCI6Mjc2LCJ1cmwiOiJodHRwczpcL1wvc2FudGFtYXJpYWF1c3RyYWxpcy5jb21cL3dwLWNvbnRlbnRcL3VwbG9hZHNcLzIwMjBcLzEwXC9zbWFfaW50ZXJpb3I2LmpwZyIsInNsaWRlc2hvdyI6ImQxNzIwNmQifQ%3D%3D\" href='https:\/\/santamariaaustralis.com\/wp-content\/uploads\/2020\/10\/sma_interior6.jpg'><img loading=\"lazy\" decoding=\"async\" width=\"600\" height=\"600\" src=\"https:\/\/santamariaaustralis.com\/wp-content\/uploads\/2020\/10\/sma_interior6.jpg\" class=\"attachment-medium_large size-medium_large\" alt=\"\" srcset=\"https:\/\/santamariaaustralis.com\/wp-content\/uploads\/2020\/10\/sma_interior6.jpg 600w, https:\/\/santamariaaustralis.com\/wp-content\/uploads\/2020\/10\/sma_interior6-300x300.jpg 300w, https:\/\/santamariaaustralis.com\/wp-content\/uploads\/2020\/10\/sma_interior6-150x150.jpg 150w\" sizes=\"(max-width: 600px) 100vw, 600px\" \/><\/a>\n\t\t\t<\/div><\/figure>\n\t\t<\/div>\n\t\t<\/div>\n\t\t\t\t\t\t<\/div>\n\t\t\t\t<\/div>\n\t\t\t\t\t<\/div>\n\t\t<\/div>\n\t\t\t\t\t<\/div>\n\t\t<\/section>\n\t\t\t\t<\/div>","protected":false},"excerpt":{"rendered":"<p>OVERVIEW, FLOOR PLAN &#038; TECHNICAL DATA SY SANTA MARIA AUSTRALIS With the SANTA MARIA AUSTRALIS (68 feet) we have sailed around 150,000 nautical miles in the Mediterranean, the Atlantic and Pacific, the South Seas, and around America, including the Northwest Passage, the Arctic, and the Antarctic since 2005. Its strong aluminum hull has fought its way countless times over the Drake Passage, through iceberg mazes and over ice floes. If she had eyes, she would have seen more albatrosses, penguins, polar bears, and sea lions than most people on earth. The Santa Maria Australis has been in our possession since 2005 and has been our loyal companion for unlimited sailing around the globe ever since. It is designed for up to 9 sailors plus the crew. We have already welcomed around 500 visitors over the years. Every individual who shares a mutual passion for extraordinary moments and nature with us, is in for an unforgettable experience. Download Techical Info<\/p>","protected":false},"author":1,"featured_media":0,"parent":0,"menu_order":0,"comment_status":"closed","ping_status":"closed","template":"","meta":{"neve_meta_sidebar":"full-width","neve_meta_container":"","neve_meta_enable_content_width":"on","neve_meta_content_width":100,"neve_meta_title_alignment":"","neve_meta_author_avatar":"","neve_post_elements_order":"","neve_meta_disable_header":"","neve_meta_disable_footer":"","neve_meta_disable_title":"","_themeisle_gutenberg_block_has_review":false,"footnotes":""},"class_list":["post-239","page","type-page","status-publish","hentry"],"_links":{"self":[{"href":"https:\/\/santamariaaustralis.com\/de\/wp-json\/wp\/v2\/pages\/239","targetHints":{"allow":["GET"]}}],"collection":[{"href":"https:\/\/santamariaaustralis.com\/de\/wp-json\/wp\/v2\/pages"}],"about":[{"href":"https:\/\/santamariaaustralis.com\/de\/wp-json\/wp\/v2\/types\/page"}],"author":[{"embeddable":true,"href":"https:\/\/santamariaaustralis.com\/de\/wp-json\/wp\/v2\/users\/1"}],"replies":[{"embeddable":true,"href":"https:\/\/santamariaaustralis.com\/de\/wp-json\/wp\/v2\/comments?post=239"}],"version-history":[{"count":12,"href":"https:\/\/santamariaaustralis.com\/de\/wp-json\/wp\/v2\/pages\/239\/revisions"}],"predecessor-version":[{"id":6482,"href":"https:\/\/santamariaaustralis.com\/de\/wp-json\/wp\/v2\/pages\/239\/revisions\/6482"}],"wp:attachment":[{"href":"https:\/\/santamariaaustralis.com\/de\/wp-json\/wp\/v2\/media?parent=239"}],"curies":[{"name":"wp","href":"https:\/\/api.w.org\/{rel}","templated":true}]}}